{"id":1552,"date":"2020-07-20T13:38:04","date_gmt":"2020-07-20T13:38:04","guid":{"rendered":"https:\/\/steppa.be\/?page_id=1552"},"modified":"2020-07-20T13:41:58","modified_gmt":"2020-07-20T13:41:58","slug":"contact","status":"publish","type":"page","link":"https:\/\/steppa.be\/fr\/contact\/","title":{"rendered":"Contact"},"content":{"rendered":"<div  class='av_gmaps_sc_main_wrap av_gmaps_main_wrap '><div id='av_gmap_0' class='avia-google-map-container avia-google-map-sc av_gmaps_show_unconditionally av-no-fallback-img ' data-mapid='av_gmap_0'  style='height: 400px;'><a class=\"av_gmaps_browser_disabled av_text_confirm_link av_text_confirm_link_visible\" href=\"https:\/\/www.google.com\/maps\/search\/?api=1&#038;query=Starrenhoflaan%2044%202950%20%20Kapellen\" target=\"_blank\" rel=\"noopener\">Les cartes ont \u00e9t\u00e9 d\u00e9sactiv\u00e9es par le visiteur sur ce site. Cliquer pour ouvrir la carte dans une nouvelle fen\u00eatre.<\/a><\/div><\/div>\n\n<style type=\"text\/css\" data-created_by=\"avia_inline_auto\" id=\"style-css-av-2ixq95-b8f355caa180eb5aa8009776d246919e\">\n.flex_column.av-2ixq95-b8f355caa180eb5aa8009776d246919e{\n-webkit-border-radius:0px 0px 0px 0px;\n-moz-border-radius:0px 0px 0px 0px;\nborder-radius:0px 0px 0px 0px;\npadding:0px 0px 0px 0px;\n}\n<\/style>\n<div class='flex_column av-2ixq95-b8f355caa180eb5aa8009776d246919e av_one_fourth  avia-builder-el-1  el_after_av_google_map  el_before_av_one_half  avia-builder-el-first  first flex_column_div av-animated-generic bottom-to-top av-zero-column-padding '     ><section  class='av_textblock_section av-2rpib5-abff37b069181b712ada41888c706230'  itemscope=\"itemscope\" itemtype=\"https:\/\/schema.org\/CreativeWork\" ><div class='avia_textblock'  itemprop=\"text\" ><h3 class=\"widgettitle\" style=\"text-align: right;\">CONTACT<\/h3>\n<div class=\"textwidget\">\n<p style=\"text-align: right;\"><strong>STEPPA bvba<\/strong><br \/>\nStarrenhoflaan 44\/003<br \/>\n2950 Kapellen<\/p>\n<p style=\"text-align: right;\">Tel. +32 3 605 64 00<br \/>\nmail:\u00a0<a href=\"mailto:sales@steppa.be\">sales@steppa.be<\/a><\/p>\n<\/div>\n<\/div><\/section><br \/>\n\n<style type=\"text\/css\" data-created_by=\"avia_inline_auto\" id=\"style-css-av-b9p0x-01be5d453221b7facb2899ef67ed3752\">\n#top .hr.hr-invisible.av-b9p0x-01be5d453221b7facb2899ef67ed3752{\nheight:50px;\n}\n<\/style>\n<div  class='hr av-b9p0x-01be5d453221b7facb2899ef67ed3752 hr-invisible  avia-builder-el-3  el_after_av_textblock  el_before_av_textblock '><span class='hr-inner '><span class=\"hr-inner-style\"><\/span><\/span><\/div><br \/>\n<section  class='av_textblock_section av-2rpib5-abff37b069181b712ada41888c706230'  itemscope=\"itemscope\" itemtype=\"https:\/\/schema.org\/CreativeWork\" ><div class='avia_textblock'  itemprop=\"text\" ><h3 class=\"widgettitle\" style=\"text-align: right;\">NOTRE SHOW-ROOM<\/h3>\n<div class=\"textwidget\" style=\"text-align: right;\">\n<p>Nous nous ferons un plaisir de vous montrer la vaste gamme d\u2019applications de sol dans notre show-room.<\/p>\n<\/div>\n<\/div><\/section><\/p><\/div>\n\n<style type=\"text\/css\" data-created_by=\"avia_inline_auto\" id=\"style-css-av-k185nj0d-3dd2cb7b94c5368d75abf5ddad2395d8\">\n.flex_column.av-k185nj0d-3dd2cb7b94c5368d75abf5ddad2395d8{\n-webkit-border-radius:0px 0px 0px 0px;\n-moz-border-radius:0px 0px 0px 0px;\nborder-radius:0px 0px 0px 0px;\npadding:0px 0px 0px 0px;\n}\n<\/style>\n<div class='flex_column av-k185nj0d-3dd2cb7b94c5368d75abf5ddad2395d8 av_one_half  avia-builder-el-5  el_after_av_one_fourth  el_before_av_one_fourth  flex_column_div av-animated-generic bottom-to-top av-zero-column-padding '     ><p>\n<style type=\"text\/css\" data-created_by=\"avia_inline_auto\" id=\"style-css-av-k3tyh1yy-91bf907df4191f837b20a34be740fb6d\">\n.avia-image-container.av-k3tyh1yy-91bf907df4191f837b20a34be740fb6d img.avia_image{\nbox-shadow:none;\n}\n.avia-image-container.av-k3tyh1yy-91bf907df4191f837b20a34be740fb6d .av-image-caption-overlay-center{\ncolor:#ffffff;\n}\n<\/style>\n<div  class='avia-image-container av-k3tyh1yy-91bf907df4191f837b20a34be740fb6d av-styling- avia-align-center  avia-builder-el-6  el_before_av_heading  avia-builder-el-first '   itemprop=\"image\" itemscope=\"itemscope\" itemtype=\"https:\/\/schema.org\/ImageObject\" ><div class=\"avia-image-container-inner\"><div class=\"avia-image-overlay-wrap\"><img decoding=\"async\" class='wp-image-1419 avia-img-lazy-loading-not-1419 avia_image ' src=\"https:\/\/steppa.be\/wp-content\/uploads\/2019\/12\/steppa-1030x535.jpg\" alt='' title='steppa'  height=\"535\" width=\"1030\"  itemprop=\"thumbnailUrl\" srcset=\"https:\/\/steppa.be\/wp-content\/uploads\/2019\/12\/steppa-1030x535.jpg 1030w, https:\/\/steppa.be\/wp-content\/uploads\/2019\/12\/steppa-300x156.jpg 300w, https:\/\/steppa.be\/wp-content\/uploads\/2019\/12\/steppa-768x399.jpg 768w, https:\/\/steppa.be\/wp-content\/uploads\/2019\/12\/steppa-705x366.jpg 705w, https:\/\/steppa.be\/wp-content\/uploads\/2019\/12\/steppa.jpg 1200w\" sizes=\"(max-width: 1030px) 100vw, 1030px\" \/><\/div><\/div><\/div><br \/>\n\n<style type=\"text\/css\" data-created_by=\"avia_inline_auto\" id=\"style-css-av-av_heading-f4db096beb022d96430ace6cf4cd70a3\">\n#top .av-special-heading.av-av_heading-f4db096beb022d96430ace6cf4cd70a3{\npadding-bottom:0;\n}\nbody .av-special-heading.av-av_heading-f4db096beb022d96430ace6cf4cd70a3 .av-special-heading-tag .heading-char{\nfont-size:25px;\n}\n.av-special-heading.av-av_heading-f4db096beb022d96430ace6cf4cd70a3 .av-subheading{\nfont-size:15px;\n}\n<\/style>\n<div  class='av-special-heading av-av_heading-f4db096beb022d96430ace6cf4cd70a3 av-special-heading-h1 blockquote modern-quote  avia-builder-el-7  el_after_av_image  el_before_av_hr '><h1 class='av-special-heading-tag'  itemprop=\"headline\"  >FORMULAIRE DE DEMANDE<\/h1><div class=\"special-heading-border\"><div class=\"special-heading-inner-border\"><\/div><\/div><\/div><br \/>\n\n<style type=\"text\/css\" data-created_by=\"avia_inline_auto\" id=\"style-css-av-b9p0x-2b4a6869d790c8a8f0f36335e4746545\">\n#top .hr.av-b9p0x-2b4a6869d790c8a8f0f36335e4746545{\nmargin-top:10px;\nmargin-bottom:10px;\n}\n.hr.av-b9p0x-2b4a6869d790c8a8f0f36335e4746545 .hr-inner{\nwidth:50px;\n}\n<\/style>\n<div  class='hr av-b9p0x-2b4a6869d790c8a8f0f36335e4746545 hr-custom  avia-builder-el-8  el_after_av_heading  el_before_av_textblock  hr-left hr-icon-no'><span class='hr-inner inner-border-av-border-fat'><span class=\"hr-inner-style\"><\/span><\/span><\/div><br \/>\n<section  class='av_textblock_section av-2rpib5-abff37b069181b712ada41888c706230'  itemscope=\"itemscope\" itemtype=\"https:\/\/schema.org\/CreativeWork\" ><div class='avia_textblock'  itemprop=\"text\" ><p>Nous nous r\u00e9jouissons de l\u2019int\u00e9r\u00eat que vous portez \u00e0 nos services et serons heureux de vous aider.<\/p>\n<p>Steppa aime travailler \u00e0 la mesure de chaque projet et attache une grande importance au contact personnel. C\u2019est pourquoi nous aimerions vous appeler pour discuter de votre projet et\/ou planifier une visite dans notre show-room.<\/p>\n<p>Si vous ne souhaitez pas \u00eatre contact\u00e9(e) ou si vous souhaitez \u00eatre contact\u00e9(e) \u00e0 un moment pr\u00e9cis, veuillez l\u2019indiquer dans votre message. (STEPPA respecte votre vie priv\u00e9e.)<\/p>\n\n<div class=\"wpcf7 no-js\" id=\"wpcf7-f1558-o1\" lang=\"nl-BE\" dir=\"ltr\">\n<div class=\"screen-reader-response\"><p role=\"status\" aria-live=\"polite\" aria-atomic=\"true\"><\/p> <ul><\/ul><\/div>\n<form action=\"\/fr\/wp-json\/wp\/v2\/pages\/1552#wpcf7-f1558-o1\" method=\"post\" class=\"wpcf7-form init\" aria-label=\"Contactformulier\" novalidate=\"novalidate\" data-status=\"init\">\n<div style=\"display: none;\">\n<input type=\"hidden\" name=\"_wpcf7\" value=\"1558\" \/>\n<input type=\"hidden\" name=\"_wpcf7_version\" value=\"5.9.6\" \/>\n<input type=\"hidden\" name=\"_wpcf7_locale\" value=\"nl_BE\" \/>\n<input type=\"hidden\" name=\"_wpcf7_unit_tag\" value=\"wpcf7-f1558-o1\" \/>\n<input type=\"hidden\" name=\"_wpcf7_container_post\" value=\"0\" \/>\n<input type=\"hidden\" name=\"_wpcf7_posted_data_hash\" value=\"\" \/>\n<input type=\"hidden\" name=\"_wpcf7_recaptcha_response\" value=\"\" \/>\n<\/div>\n<p><label> Nom*<br \/>\n<span class=\"wpcf7-form-control-wrap\" data-name=\"your-name\"><input size=\"40\" maxlength=\"80\" class=\"wpcf7-form-control wpcf7-text wpcf7-validates-as-required\" aria-required=\"true\" aria-invalid=\"false\" value=\"\" type=\"text\" name=\"your-name\" \/><\/span> <\/label>\n<\/p>\n<p><label> E-mail*<br \/>\n<span class=\"wpcf7-form-control-wrap\" data-name=\"your-email\"><input size=\"40\" maxlength=\"80\" class=\"wpcf7-form-control wpcf7-email wpcf7-validates-as-required wpcf7-text wpcf7-validates-as-email\" aria-required=\"true\" aria-invalid=\"false\" value=\"\" type=\"email\" name=\"your-email\" \/><\/span> <\/label>\n<\/p>\n<p><label> Num\u00e9ro de t\u00e9l\u00e9phone*<br \/>\n<span class=\"wpcf7-form-control-wrap\" data-name=\"tel\"><input size=\"40\" maxlength=\"80\" class=\"wpcf7-form-control wpcf7-text wpcf7-validates-as-required\" aria-required=\"true\" aria-invalid=\"false\" value=\"\" type=\"text\" name=\"tel\" \/><\/span> <\/label>\n<\/p>\n<p><label> Adresse<br \/>\n<span class=\"wpcf7-form-control-wrap\" data-name=\"text-address\"><input size=\"40\" maxlength=\"80\" class=\"wpcf7-form-control wpcf7-text\" aria-invalid=\"false\" value=\"\" type=\"text\" name=\"text-address\" \/><\/span> <\/label>\n<\/p>\n<p><label> Sujet<br \/>\n<span class=\"wpcf7-form-control-wrap\" data-name=\"your-subject\"><input size=\"40\" maxlength=\"80\" class=\"wpcf7-form-control wpcf7-text\" aria-invalid=\"false\" value=\"\" type=\"text\" name=\"your-subject\" \/><\/span> <\/label>\n<\/p>\n<p><label> Message<br \/>\n<span class=\"wpcf7-form-control-wrap\" data-name=\"your-message\"><textarea cols=\"40\" rows=\"10\" maxlength=\"400\" class=\"wpcf7-form-control wpcf7-textarea\" aria-invalid=\"false\" name=\"your-message\"><\/textarea><\/span> <\/label>\n<\/p>\n<p><input class=\"wpcf7-form-control wpcf7-submit has-spinner\" type=\"submit\" value=\"Envoyer\" \/>\n<\/p><p style=\"display: none !important;\" class=\"akismet-fields-container\" data-prefix=\"_wpcf7_ak_\"><label>&#916;<textarea name=\"_wpcf7_ak_hp_textarea\" cols=\"45\" rows=\"8\" maxlength=\"100\"><\/textarea><\/label><input type=\"hidden\" id=\"ak_js_1\" name=\"_wpcf7_ak_js\" value=\"156\"\/><script>document.getElementById( \"ak_js_1\" ).setAttribute( \"value\", ( new Date() ).getTime() );<\/script><\/p><div class=\"wpcf7-response-output\" aria-hidden=\"true\"><\/div>\n<\/form>\n<\/div>\n\n<\/div><\/section><\/p><\/div>\n<style type=\"text\/css\" data-created_by=\"avia_inline_auto\" id=\"style-css-av-2ixq95-268a2e0ef6ee2c232558c47a23fb971b\">\n.flex_column.av-2ixq95-268a2e0ef6ee2c232558c47a23fb971b{\n-webkit-border-radius:0px 0px 0px 0px;\n-moz-border-radius:0px 0px 0px 0px;\nborder-radius:0px 0px 0px 0px;\npadding:0px 0px 0px 0px;\n}\n<\/style>\n<div class='flex_column av-2ixq95-268a2e0ef6ee2c232558c47a23fb971b av_one_fourth  avia-builder-el-10  el_after_av_one_half  avia-builder-el-last  flex_column_div av-animated-generic bottom-to-top av-zero-column-padding '     ><section  class='av_textblock_section av-2rpib5-abff37b069181b712ada41888c706230'  itemscope=\"itemscope\" itemtype=\"https:\/\/schema.org\/CreativeWork\" ><div class='avia_textblock'  itemprop=\"text\" ><h3>HEURES D\u2019OUVERTURE<\/h3>\n<p>Tous les jours de la semaine de 8 h \u00e0 17 h 30<br \/>\n<em>(plus t\u00f4t ou plus tard sur demande)<br \/>\n<\/em><strong>Sur rendez-vous :<\/strong> 03\/605.64.00<\/p>\n<p>Nos repr\u00e9sentants n\u2019\u00e9tant pas constamment au bureau, il est conseill\u00e9 de prendre rendez-vous.<\/p>\n<\/div><\/section><br \/>\n\n<style type=\"text\/css\" data-created_by=\"avia_inline_auto\" id=\"style-css-av-b9p0x-01be5d453221b7facb2899ef67ed3752\">\n#top .hr.hr-invisible.av-b9p0x-01be5d453221b7facb2899ef67ed3752{\nheight:50px;\n}\n<\/style>\n<div  class='hr av-b9p0x-01be5d453221b7facb2899ef67ed3752 hr-invisible  avia-builder-el-12  el_after_av_textblock  el_before_av_textblock '><span class='hr-inner '><span class=\"hr-inner-style\"><\/span><\/span><\/div><br \/>\n<section  class='av_textblock_section av-2rpib5-abff37b069181b712ada41888c706230'  itemscope=\"itemscope\" itemtype=\"https:\/\/schema.org\/CreativeWork\" ><div class='avia_textblock'  itemprop=\"text\" ><h3 class=\"widgettitle\">AFTERWORK ADVICE<\/h3>\n<div class=\"textwidget\">\n<p>Pour mieux vous servir, nous sommes ouverts plus tard les jours suivants. Vous pouvez nous rencontrer ces jours-l\u00e0 jusqu\u2019\u00e0\u00a0<strong>21\u00a0h\u00a030<\/strong>, mais uniquement sur rendez-vous.<\/p>\n<ul>\n<li>Mardi 7 juillet<\/li>\n<li>Mardi 4 ao\u00fbt<\/li>\n<li>Mardi 18 ao\u00fbt<\/li>\n<li>Mardi 1 septembre<\/li>\n<\/ul>\n<\/div>\n<\/div><\/section><br \/>\n<section  class='av_textblock_section av-2rpib5-abff37b069181b712ada41888c706230'  itemscope=\"itemscope\" itemtype=\"https:\/\/schema.org\/CreativeWork\" ><div class='avia_textblock'  itemprop=\"text\" ><h3 class=\"widgettitle\">OUVERTURE LE WEEK-END<\/h3>\n<div class=\"textwidget\">\n<p>Tous les 15 jours, nous sommes ouverts <strong>le samedi<\/strong> de 10 h \u00e0 15 h. Nous vous demandons de prendre un rendez-vous, car nous souhaitons vous accorder suffisamment de temps.<\/p>\n<ul>\n<li>Samedi 4 juillet<\/li>\n<li>Samedi 18 juillet<\/li>\n<li>Samedi 1 ao\u00fbt<\/li>\n<li>Samedi 15 ao\u00fbt<\/li>\n<li>Samedi 29 ao\u00fbt<\/li>\n<\/ul>\n<\/div>\n<\/div><\/section><\/p><\/div><\/p>\n","protected":false},"excerpt":{"rendered":"","protected":false},"author":1,"featured_media":0,"parent":0,"menu_order":0,"comment_status":"closed","ping_status":"closed","template":"","meta":{"footnotes":""},"yoast_head":"<!-- This site is optimized with the Yoast SEO plugin v23.0 - https:\/\/yoast.com\/wordpress\/plugins\/seo\/ -->\n<title>Contact | Steppa<\/title>\n<meta name=\"robots\" content=\"index, follow, max-snippet:-1, max-image-preview:large, max-video-preview:-1\" \/>\n<link rel=\"canonical\" href=\"https:\/\/steppa.be\/fr\/contact\/\" \/>\n<meta property=\"og:locale\" content=\"fr_FR\" \/>\n<meta property=\"og:type\" content=\"article\" \/>\n<meta property=\"og:title\" content=\"Contact | Steppa\" \/>\n<meta property=\"og:url\" content=\"https:\/\/steppa.be\/fr\/contact\/\" \/>\n<meta property=\"og:site_name\" content=\"Steppa\" \/>\n<meta property=\"article:publisher\" content=\"https:\/\/www.facebook.com\/Steppa-Kunstharsvloeren-103509299727564\/\" \/>\n<meta property=\"article:modified_time\" content=\"2020-07-20T13:41:58+00:00\" \/>\n<meta name=\"twitter:card\" content=\"summary_large_image\" \/>\n<meta name=\"twitter:label1\" content=\"Dur\u00e9e de lecture estim\u00e9e\" \/>\n\t<meta name=\"twitter:data1\" content=\"5 minutes\" \/>\n<script type=\"application\/ld+json\" class=\"yoast-schema-graph\">{\"@context\":\"https:\/\/schema.org\",\"@graph\":[{\"@type\":\"WebPage\",\"@id\":\"https:\/\/steppa.be\/fr\/contact\/\",\"url\":\"https:\/\/steppa.be\/fr\/contact\/\",\"name\":\"Contact | Steppa\",\"isPartOf\":{\"@id\":\"https:\/\/steppa.be\/#website\"},\"datePublished\":\"2020-07-20T13:38:04+00:00\",\"dateModified\":\"2020-07-20T13:41:58+00:00\",\"breadcrumb\":{\"@id\":\"https:\/\/steppa.be\/fr\/contact\/#breadcrumb\"},\"inLanguage\":\"fr-FR\",\"potentialAction\":[{\"@type\":\"ReadAction\",\"target\":[\"https:\/\/steppa.be\/fr\/contact\/\"]}]},{\"@type\":\"BreadcrumbList\",\"@id\":\"https:\/\/steppa.be\/fr\/contact\/#breadcrumb\",\"itemListElement\":[{\"@type\":\"ListItem\",\"position\":1,\"name\":\"Home\",\"item\":\"https:\/\/steppa.be\/home\/\"},{\"@type\":\"ListItem\",\"position\":2,\"name\":\"Contact\"}]},{\"@type\":\"WebSite\",\"@id\":\"https:\/\/steppa.be\/#website\",\"url\":\"https:\/\/steppa.be\/\",\"name\":\"Steppa\",\"description\":\"Gietvloeren en kunststofvloeren\",\"publisher\":{\"@id\":\"https:\/\/steppa.be\/#organization\"},\"potentialAction\":[{\"@type\":\"SearchAction\",\"target\":{\"@type\":\"EntryPoint\",\"urlTemplate\":\"https:\/\/steppa.be\/?s={search_term_string}\"},\"query-input\":\"required name=search_term_string\"}],\"inLanguage\":\"fr-FR\"},{\"@type\":\"Organization\",\"@id\":\"https:\/\/steppa.be\/#organization\",\"name\":\"Steppa\",\"url\":\"https:\/\/steppa.be\/\",\"logo\":{\"@type\":\"ImageObject\",\"inLanguage\":\"fr-FR\",\"@id\":\"https:\/\/steppa.be\/#\/schema\/logo\/image\/\",\"url\":\"https:\/\/steppa.be\/wp-content\/uploads\/2019\/09\/steppa.png\",\"contentUrl\":\"https:\/\/steppa.be\/wp-content\/uploads\/2019\/09\/steppa.png\",\"width\":234,\"height\":89,\"caption\":\"Steppa\"},\"image\":{\"@id\":\"https:\/\/steppa.be\/#\/schema\/logo\/image\/\"},\"sameAs\":[\"https:\/\/www.facebook.com\/Steppa-Kunstharsvloeren-103509299727564\/\"]}]}<\/script>\n<!-- \/ Yoast SEO plugin. -->","yoast_head_json":{"title":"Contact | Steppa","robots":{"index":"index","follow":"follow","max-snippet":"max-snippet:-1","max-image-preview":"max-image-preview:large","max-video-preview":"max-video-preview:-1"},"canonical":"https:\/\/steppa.be\/fr\/contact\/","og_locale":"fr_FR","og_type":"article","og_title":"Contact | Steppa","og_url":"https:\/\/steppa.be\/fr\/contact\/","og_site_name":"Steppa","article_publisher":"https:\/\/www.facebook.com\/Steppa-Kunstharsvloeren-103509299727564\/","article_modified_time":"2020-07-20T13:41:58+00:00","twitter_card":"summary_large_image","twitter_misc":{"Dur\u00e9e de lecture estim\u00e9e":"5 minutes"},"schema":{"@context":"https:\/\/schema.org","@graph":[{"@type":"WebPage","@id":"https:\/\/steppa.be\/fr\/contact\/","url":"https:\/\/steppa.be\/fr\/contact\/","name":"Contact | Steppa","isPartOf":{"@id":"https:\/\/steppa.be\/#website"},"datePublished":"2020-07-20T13:38:04+00:00","dateModified":"2020-07-20T13:41:58+00:00","breadcrumb":{"@id":"https:\/\/steppa.be\/fr\/contact\/#breadcrumb"},"inLanguage":"fr-FR","potentialAction":[{"@type":"ReadAction","target":["https:\/\/steppa.be\/fr\/contact\/"]}]},{"@type":"BreadcrumbList","@id":"https:\/\/steppa.be\/fr\/contact\/#breadcrumb","itemListElement":[{"@type":"ListItem","position":1,"name":"Home","item":"https:\/\/steppa.be\/home\/"},{"@type":"ListItem","position":2,"name":"Contact"}]},{"@type":"WebSite","@id":"https:\/\/steppa.be\/#website","url":"https:\/\/steppa.be\/","name":"Steppa","description":"Gietvloeren en kunststofvloeren","publisher":{"@id":"https:\/\/steppa.be\/#organization"},"potentialAction":[{"@type":"SearchAction","target":{"@type":"EntryPoint","urlTemplate":"https:\/\/steppa.be\/?s={search_term_string}"},"query-input":"required name=search_term_string"}],"inLanguage":"fr-FR"},{"@type":"Organization","@id":"https:\/\/steppa.be\/#organization","name":"Steppa","url":"https:\/\/steppa.be\/","logo":{"@type":"ImageObject","inLanguage":"fr-FR","@id":"https:\/\/steppa.be\/#\/schema\/logo\/image\/","url":"https:\/\/steppa.be\/wp-content\/uploads\/2019\/09\/steppa.png","contentUrl":"https:\/\/steppa.be\/wp-content\/uploads\/2019\/09\/steppa.png","width":234,"height":89,"caption":"Steppa"},"image":{"@id":"https:\/\/steppa.be\/#\/schema\/logo\/image\/"},"sameAs":["https:\/\/www.facebook.com\/Steppa-Kunstharsvloeren-103509299727564\/"]}]}},"_links":{"self":[{"href":"https:\/\/steppa.be\/fr\/wp-json\/wp\/v2\/pages\/1552"}],"collection":[{"href":"https:\/\/steppa.be\/fr\/wp-json\/wp\/v2\/pages"}],"about":[{"href":"https:\/\/steppa.be\/fr\/wp-json\/wp\/v2\/types\/page"}],"author":[{"embeddable":true,"href":"https:\/\/steppa.be\/fr\/wp-json\/wp\/v2\/users\/1"}],"replies":[{"embeddable":true,"href":"https:\/\/steppa.be\/fr\/wp-json\/wp\/v2\/comments?post=1552"}],"version-history":[{"count":5,"href":"https:\/\/steppa.be\/fr\/wp-json\/wp\/v2\/pages\/1552\/revisions"}],"predecessor-version":[{"id":1573,"href":"https:\/\/steppa.be\/fr\/wp-json\/wp\/v2\/pages\/1552\/revisions\/1573"}],"wp:attachment":[{"href":"https:\/\/steppa.be\/fr\/wp-json\/wp\/v2\/media?parent=1552"}],"curies":[{"name":"wp","href":"https:\/\/api.w.org\/{rel}","templated":true}]}}